{"id":1035,"date":"2017-10-05T08:20:39","date_gmt":"2017-10-05T06:20:39","guid":{"rendered":"http:\/\/ninzio.com\/logistix\/?page_id=1035"},"modified":"2023-06-07T16:39:23","modified_gmt":"2023-06-07T14:39:23","slug":"tabs","status":"publish","type":"page","link":"https:\/\/www.klocel.com\/en\/tabs\/","title":{"rendered":"Nous rejoindre"},"content":{"rendered":"<div class=\"vc-custom-col-spacing clearfix vc-col-spacing-30\"><section class=\"wpb_row vc_row-fluid row-content-position-Default\"><div class=\"logistix-container\"><div class=\"row-inner clearfix\"><div class=\"wpb_column vc_column_container vc_col-sm-12\"><div class=\"vc_column-inner\"><div class=\"wpb_wrapper\">\r\n\t<div class=\"logistix-spacer clearfix\" data-desktop=\"100\" data-mobi=\"50\" data-smobi=\"50\"><\/div><div class=\"vc-custom-col-inner-spacing clearfix vc-col-inner-spacing-30\"><div class=\"wpb_row vc_inner vc_row-fluid\"><div class=\"wpb_column vc_column_container vc_col-sm-6\"><div class=\"vc_column-inner\"><div class=\"wpb_wrapper\">\r\n\t<div class=\"logistix-tabs clearfix style-1\"><ul class=\"tab-title clearfix\"><\/ul><div class=\"tab-content-wrap\"><div class=\"tab-content\" style=\"\"><li class=\"item-title\" style=\"\">\r\n\t\t\t<span class=\"inner\" style=\"\">\r\n\t\t\t\tMISSION\r\n\t\t\t<\/span>\r\n\t\t<\/li><div class=\"item-content\" style=\"\"><p>By the same illusion which lifts the horizon of the sea to the level of the the sable cloud beneath was dished out and the car seemed to float in the middle of an dark. By the same illusion which lifts the horizon of the sea to the level of the the sable cloud beneath was dished out and the car seemed to float in the middle of an dark. By the same illusion which lifts the horizon of the sea to the level of the the sable cloud beneath was dished out<\/p>\n<\/div><\/div><div class=\"tab-content\" style=\"\"><li class=\"item-title\" style=\"\">\r\n\t\t\t<span class=\"inner\" style=\"\">\r\n\t\t\t\tVISION\r\n\t\t\t<\/span>\r\n\t\t<\/li><div class=\"item-content\" style=\"\"><p>By the same illusion which lifts the horizon of the sea to the level of the the sable cloud beneath was dished out and the car seemed to float in the middle of an dark. By the same illusion which lifts the horizon of the sea to the level of the the sable cloud beneath was dished out and the car seemed to float in the middle of an dark. By the same illusion which lifts the horizon of the sea to the level of the the sable cloud beneath was dished out<\/p>\n<\/div><\/div><div class=\"tab-content\" style=\"\"><li class=\"item-title\" style=\"\">\r\n\t\t\t<span class=\"inner\" style=\"\">\r\n\t\t\t\tCOMPANY\r\n\t\t\t<\/span>\r\n\t\t<\/li><div class=\"item-content\" style=\"\"><p>By the same illusion which lifts the horizon of the sea to the level of the the sable cloud beneath was dished out and the car seemed to float in the middle of an dark. By the same illusion which lifts the horizon of the sea to the level of the the sable cloud beneath was dished out and the car seemed to float in the middle of an dark. By the same illusion which lifts the horizon of the sea to the level of the the sable cloud beneath was dished out<\/p>\n<\/div><\/div>\n<\/div><\/div>\r\n\t<div class=\"logistix-spacer clearfix\" data-desktop=\"0\" data-mobi=\"40\" data-smobi=\"40\"><\/div><\/div><\/div><\/div><div class=\"wpb_column vc_column_container vc_col-sm-6\"><div class=\"vc_column-inner\"><div class=\"wpb_wrapper\">\r\n\t<div class=\"logistix-tabs clearfix style-2\"><ul class=\"tab-title clearfix\"><\/ul><div class=\"tab-content-wrap\"><div class=\"tab-content\" style=\"\"><li class=\"item-title\" style=\"\">\r\n\t\t\t<span class=\"inner\" style=\"\">\r\n\t\t\t\tMISSION\r\n\t\t\t<\/span>\r\n\t\t<\/li><div class=\"item-content\" style=\"\"><p>By the same illusion which lifts the horizon of the sea to the level of the the sable cloud beneath was dished out and the car seemed to float in the middle of an dark. By the same illusion which lifts the horizon of the sea to the level of the the sable cloud beneath was dished out and the car seemed to float in the middle of an dark. By the same illusion which lifts the horizon of the sea to the level of the the sable cloud beneath was dished out<\/p>\n<\/div><\/div><div class=\"tab-content\" style=\"\"><li class=\"item-title\" style=\"\">\r\n\t\t\t<span class=\"inner\" style=\"\">\r\n\t\t\t\tVISION\r\n\t\t\t<\/span>\r\n\t\t<\/li><div class=\"item-content\" style=\"\"><p>By the same illusion which lifts the horizon of the sea to the level of the the sable cloud beneath was dished out and the car seemed to float in the middle of an dark. By the same illusion which lifts the horizon of the sea to the level of the the sable cloud beneath was dished out and the car seemed to float in the middle of an dark. By the same illusion which lifts the horizon of the sea to the level of the the sable cloud beneath was dished out<\/p>\n<\/div><\/div><div class=\"tab-content\" style=\"\"><li class=\"item-title\" style=\"\">\r\n\t\t\t<span class=\"inner\" style=\"\">\r\n\t\t\t\tCOMPANY\r\n\t\t\t<\/span>\r\n\t\t<\/li><div class=\"item-content\" style=\"\"><p>By the same illusion which lifts the horizon of the sea to the level of the the sable cloud beneath was dished out and the car seemed to float in the middle of an dark. By the same illusion which lifts the horizon of the sea to the level of the the sable cloud beneath was dished out and the car seemed to float in the middle of an dark. By the same illusion which lifts the horizon of the sea to the level of the the sable cloud beneath was dished out<\/p>\n<\/div><\/div>\n<\/div><\/div><\/div><\/div><\/div><\/div><\/div>\r\n\t<div class=\"logistix-spacer clearfix\" data-desktop=\"40\" data-mobi=\"40\" data-smobi=\"40\"><\/div><div class=\"logistix-divider no-icon divider-center divider-solid\" style=\"border-top-color:#ebebeb;\"><\/div><div class=\"clearfix\"><\/div>\r\n\t<div class=\"logistix-spacer clearfix\" data-desktop=\"60\" data-mobi=\"40\" data-smobi=\"40\"><\/div><div class=\"vc-custom-col-inner-spacing clearfix vc-col-inner-spacing-30\"><div class=\"wpb_row vc_inner vc_row-fluid\"><div class=\"wpb_column vc_column_container vc_col-sm-6\"><div class=\"vc_column-inner\"><div class=\"wpb_wrapper\">\r\n\t<div class=\"logistix-tabs clearfix style-4 title-w150\"><ul class=\"tab-title clearfix\"><\/ul><div class=\"tab-content-wrap\"><div class=\"tab-content\" style=\"\"><li class=\"item-title\" style=\"\">\r\n\t\t\t<span class=\"inner\" style=\"\">\r\n\t\t\t\tMISSION\r\n\t\t\t<\/span>\r\n\t\t<\/li><div class=\"item-content\" style=\"\"><p>By the same illusion which lifts the horizon of the sea to the level of the the sable cloud beneath was dished out and the car seemed to float in the middle of an dark. By the same illusion which lifts the horizon of the sea to the level of the the sable cloud beneath was dished out and the car seemed to float in the middle of an dark. By the same illusion which lifts the horizon of the sea to the level of the the sable cloud beneath was dished out<\/p>\n<\/div><\/div><div class=\"tab-content\" style=\"\"><li class=\"item-title\" style=\"\">\r\n\t\t\t<span class=\"inner\" style=\"\">\r\n\t\t\t\tVISION\r\n\t\t\t<\/span>\r\n\t\t<\/li><div class=\"item-content\" style=\"\"><p>By the same illusion which lifts the horizon of the sea to the level of the the sable cloud beneath was dished out and the car seemed to float in the middle of an dark. By the same illusion which lifts the horizon of the sea to the level of the the sable cloud beneath was dished out and the car seemed to float in the middle of an dark. By the same illusion which lifts the horizon of the sea to the level of the the sable cloud beneath was dished out<\/p>\n<\/div><\/div><div class=\"tab-content\" style=\"\"><li class=\"item-title\" style=\"\">\r\n\t\t\t<span class=\"inner\" style=\"\">\r\n\t\t\t\tCOMPANY\r\n\t\t\t<\/span>\r\n\t\t<\/li><div class=\"item-content\" style=\"\"><p>By the same illusion which lifts the horizon of the sea to the level of the the sable cloud beneath was dished out and the car seemed to float in the middle of an dark. By the same illusion which lifts the horizon of the sea to the level of the the sable cloud beneath was dished out and the car seemed to float in the middle of an dark. By the same illusion which lifts the horizon of the sea to the level of the the sable cloud beneath was dished out<\/p>\n<\/div><\/div>\n<\/div><\/div>\r\n\t<div class=\"logistix-spacer clearfix\" data-desktop=\"0\" data-mobi=\"40\" data-smobi=\"40\"><\/div><\/div><\/div><\/div><div class=\"wpb_column vc_column_container vc_col-sm-6\"><div class=\"vc_column-inner\"><div class=\"wpb_wrapper\">\r\n\t<div class=\"logistix-tabs clearfix style-3 title-w150\"><ul class=\"tab-title clearfix\"><\/ul><div class=\"tab-content-wrap\"><div class=\"tab-content\" style=\"\"><li class=\"item-title\" style=\"\">\r\n\t\t\t<span class=\"inner\" style=\"\">\r\n\t\t\t\tMISSION\r\n\t\t\t<\/span>\r\n\t\t<\/li><div class=\"item-content\" style=\"\"><p>By the same illusion which lifts the horizon of the sea to the level of the the sable cloud beneath was dished out and the car seemed to float in the middle of an dark. By the same illusion which lifts the horizon of the sea to the level of the the sable cloud beneath was dished out and the car seemed to float in the middle of an dark. By the same illusion which lifts the horizon of the sea to the level of the the sable cloud beneath was dished out<\/p>\n<\/div><\/div><div class=\"tab-content\" style=\"\"><li class=\"item-title\" style=\"\">\r\n\t\t\t<span class=\"inner\" style=\"\">\r\n\t\t\t\tVISION\r\n\t\t\t<\/span>\r\n\t\t<\/li><div class=\"item-content\" style=\"\"><p>By the same illusion which lifts the horizon of the sea to the level of the the sable cloud beneath was dished out and the car seemed to float in the middle of an dark. By the same illusion which lifts the horizon of the sea to the level of the the sable cloud beneath was dished out and the car seemed to float in the middle of an dark. By the same illusion which lifts the horizon of the sea to the level of the the sable cloud beneath was dished out<\/p>\n<\/div><\/div><div class=\"tab-content\" style=\"\"><li class=\"item-title\" style=\"\">\r\n\t\t\t<span class=\"inner\" style=\"\">\r\n\t\t\t\tCOMPANY\r\n\t\t\t<\/span>\r\n\t\t<\/li><div class=\"item-content\" style=\"\"><p>By the same illusion which lifts the horizon of the sea to the level of the the sable cloud beneath was dished out and the car seemed to float in the middle of an dark. By the same illusion which lifts the horizon of the sea to the level of the the sable cloud beneath was dished out and the car seemed to float in the middle of an dark. By the same illusion which lifts the horizon of the sea to the level of the the sable cloud beneath was dished out<\/p>\n<\/div><\/div>\n<\/div><\/div><\/div><\/div><\/div><\/div><\/div>\r\n\t<div class=\"logistix-spacer clearfix\" data-desktop=\"100\" data-mobi=\"60\" data-smobi=\"60\"><\/div><\/div><\/div><\/div><\/div><\/div><\/section><\/div>","protected":false},"excerpt":{"rendered":"MISSION By the same illusion which lifts the horizon of the sea to the level of the the sable cloud beneath was dished out and the car seemed to float in the middle of an dark. By the same illusion which lifts the horizon of the sea to the&hellip;","protected":false},"author":1,"featured_media":0,"parent":0,"menu_order":0,"comment_status":"closed","ping_status":"closed","template":"","meta":{"om_disable_all_campaigns":false,"_monsterinsights_skip_tracking":false,"_monsterinsights_sitenote_active":false,"_monsterinsights_sitenote_note":"","_monsterinsights_sitenote_category":0,"footnotes":""},"class_list":["post-1035","page","type-page","status-publish","hentry"],"yoast_head":"<!-- This site is optimized with the Yoast SEO plugin v25.9 - https:\/\/yoast.com\/wordpress\/plugins\/seo\/ -->\n<title>Nous rejoindre - KLOCEL - Les Experts de la Logistique de A \u00e0 Z<\/title>\n<meta name=\"description\" content=\"Rejoignez notre \u00e9quipe passionn\u00e9e et dynamique d\u00e8s aujourd&#039;hui. Postulez maintenant et donnez vie \u00e0 votre ambition professionnelle.\" \/>\n<meta name=\"robots\" content=\"index, follow, max-snippet:-1, max-image-preview:large, max-video-preview:-1\" \/>\n<link rel=\"canonical\" href=\"https:\/\/www.klocel.com\/en\/tabs\/\" \/>\n<meta property=\"og:locale\" content=\"en_US\" \/>\n<meta property=\"og:type\" content=\"article\" \/>\n<meta property=\"og:title\" content=\"Nous rejoindre - KLOCEL - Les Experts de la Logistique de A \u00e0 Z\" \/>\n<meta property=\"og:description\" content=\"Rejoignez notre \u00e9quipe passionn\u00e9e et dynamique d\u00e8s aujourd&#039;hui. Postulez maintenant et donnez vie \u00e0 votre ambition professionnelle.\" \/>\n<meta property=\"og:url\" content=\"https:\/\/www.klocel.com\/en\/tabs\/\" \/>\n<meta property=\"og:site_name\" content=\"KLOCEL - Les Experts de la Logistique de A \u00e0 Z\" \/>\n<meta property=\"article:modified_time\" content=\"2023-06-07T14:39:23+00:00\" \/>\n<meta name=\"twitter:card\" content=\"summary_large_image\" \/>\n<meta name=\"twitter:label1\" content=\"Est. reading time\" \/>\n\t<meta name=\"twitter:data1\" content=\"6 minutes\" \/>\n<script type=\"application\/ld+json\" class=\"yoast-schema-graph\">{\"@context\":\"https:\/\/schema.org\",\"@graph\":[{\"@type\":\"WebPage\",\"@id\":\"https:\/\/www.klocel.com\/tabs\/\",\"url\":\"https:\/\/www.klocel.com\/tabs\/\",\"name\":\"Nous rejoindre - KLOCEL - Les Experts de la Logistique de A \u00e0 Z\",\"isPartOf\":{\"@id\":\"https:\/\/www.klocel.com\/en\/#website\"},\"datePublished\":\"2017-10-05T06:20:39+00:00\",\"dateModified\":\"2023-06-07T14:39:23+00:00\",\"description\":\"Rejoignez notre \u00e9quipe passionn\u00e9e et dynamique d\u00e8s aujourd'hui. Postulez maintenant et donnez vie \u00e0 votre ambition professionnelle.\",\"breadcrumb\":{\"@id\":\"https:\/\/www.klocel.com\/tabs\/#breadcrumb\"},\"inLanguage\":\"en-US\",\"potentialAction\":[{\"@type\":\"ReadAction\",\"target\":[\"https:\/\/www.klocel.com\/tabs\/\"]}]},{\"@type\":\"BreadcrumbList\",\"@id\":\"https:\/\/www.klocel.com\/tabs\/#breadcrumb\",\"itemListElement\":[{\"@type\":\"ListItem\",\"position\":1,\"name\":\"Accueil\",\"item\":\"https:\/\/www.klocel.com\/en\/\"},{\"@type\":\"ListItem\",\"position\":2,\"name\":\"Nous rejoindre\"}]},{\"@type\":\"WebSite\",\"@id\":\"https:\/\/www.klocel.com\/en\/#website\",\"url\":\"https:\/\/www.klocel.com\/en\/\",\"name\":\"KLOCEL - Les Experts de la Logistique de A \u00e0 Z\",\"description\":\"\",\"potentialAction\":[{\"@type\":\"SearchAction\",\"target\":{\"@type\":\"EntryPoint\",\"urlTemplate\":\"https:\/\/www.klocel.com\/en\/?s={search_term_string}\"},\"query-input\":{\"@type\":\"PropertyValueSpecification\",\"valueRequired\":true,\"valueName\":\"search_term_string\"}}],\"inLanguage\":\"en-US\"}]}<\/script>\n<!-- \/ Yoast SEO plugin. -->","yoast_head_json":{"title":"Nous rejoindre - KLOCEL - Les Experts de la Logistique de A \u00e0 Z","description":"Rejoignez notre \u00e9quipe passionn\u00e9e et dynamique d\u00e8s aujourd'hui. Postulez maintenant et donnez vie \u00e0 votre ambition professionnelle.","robots":{"index":"index","follow":"follow","max-snippet":"max-snippet:-1","max-image-preview":"max-image-preview:large","max-video-preview":"max-video-preview:-1"},"canonical":"https:\/\/www.klocel.com\/en\/tabs\/","og_locale":"en_US","og_type":"article","og_title":"Nous rejoindre - KLOCEL - Les Experts de la Logistique de A \u00e0 Z","og_description":"Rejoignez notre \u00e9quipe passionn\u00e9e et dynamique d\u00e8s aujourd'hui. Postulez maintenant et donnez vie \u00e0 votre ambition professionnelle.","og_url":"https:\/\/www.klocel.com\/en\/tabs\/","og_site_name":"KLOCEL - Les Experts de la Logistique de A \u00e0 Z","article_modified_time":"2023-06-07T14:39:23+00:00","twitter_card":"summary_large_image","twitter_misc":{"Est. reading time":"6 minutes"},"schema":{"@context":"https:\/\/schema.org","@graph":[{"@type":"WebPage","@id":"https:\/\/www.klocel.com\/tabs\/","url":"https:\/\/www.klocel.com\/tabs\/","name":"Nous rejoindre - KLOCEL - Les Experts de la Logistique de A \u00e0 Z","isPartOf":{"@id":"https:\/\/www.klocel.com\/en\/#website"},"datePublished":"2017-10-05T06:20:39+00:00","dateModified":"2023-06-07T14:39:23+00:00","description":"Rejoignez notre \u00e9quipe passionn\u00e9e et dynamique d\u00e8s aujourd'hui. Postulez maintenant et donnez vie \u00e0 votre ambition professionnelle.","breadcrumb":{"@id":"https:\/\/www.klocel.com\/tabs\/#breadcrumb"},"inLanguage":"en-US","potentialAction":[{"@type":"ReadAction","target":["https:\/\/www.klocel.com\/tabs\/"]}]},{"@type":"BreadcrumbList","@id":"https:\/\/www.klocel.com\/tabs\/#breadcrumb","itemListElement":[{"@type":"ListItem","position":1,"name":"Accueil","item":"https:\/\/www.klocel.com\/en\/"},{"@type":"ListItem","position":2,"name":"Nous rejoindre"}]},{"@type":"WebSite","@id":"https:\/\/www.klocel.com\/en\/#website","url":"https:\/\/www.klocel.com\/en\/","name":"KLOCEL - Les Experts de la Logistique de A \u00e0 Z","description":"","potentialAction":[{"@type":"SearchAction","target":{"@type":"EntryPoint","urlTemplate":"https:\/\/www.klocel.com\/en\/?s={search_term_string}"},"query-input":{"@type":"PropertyValueSpecification","valueRequired":true,"valueName":"search_term_string"}}],"inLanguage":"en-US"}]}},"_links":{"self":[{"href":"https:\/\/www.klocel.com\/en\/wp-json\/wp\/v2\/pages\/1035","targetHints":{"allow":["GET"]}}],"collection":[{"href":"https:\/\/www.klocel.com\/en\/wp-json\/wp\/v2\/pages"}],"about":[{"href":"https:\/\/www.klocel.com\/en\/wp-json\/wp\/v2\/types\/page"}],"author":[{"embeddable":true,"href":"https:\/\/www.klocel.com\/en\/wp-json\/wp\/v2\/users\/1"}],"replies":[{"embeddable":true,"href":"https:\/\/www.klocel.com\/en\/wp-json\/wp\/v2\/comments?post=1035"}],"version-history":[{"count":1,"href":"https:\/\/www.klocel.com\/en\/wp-json\/wp\/v2\/pages\/1035\/revisions"}],"predecessor-version":[{"id":5343,"href":"https:\/\/www.klocel.com\/en\/wp-json\/wp\/v2\/pages\/1035\/revisions\/5343"}],"wp:attachment":[{"href":"https:\/\/www.klocel.com\/en\/wp-json\/wp\/v2\/media?parent=1035"}],"curies":[{"name":"wp","href":"https:\/\/api.w.org\/{rel}","templated":true}]}}