{"id":7135,"date":"2024-01-25T16:30:47","date_gmt":"2024-01-25T15:30:47","guid":{"rendered":"https:\/\/www.klocel.com\/?page_id=7135"},"modified":"2024-02-01T10:40:25","modified_gmt":"2024-02-01T09:40:25","slug":"gestion-de-projet","status":"publish","type":"page","link":"https:\/\/www.klocel.com\/en\/gestion-de-projet\/","title":{"rendered":"Project management"},"content":{"rendered":"<div class=\"vc-custom-col-spacing clearfix vc-col-spacing-30\"><section class=\"wpb_row vc_row-fluid row-content-position-Default\"><div class=\"logistix-container\"><div class=\"row-inner clearfix\"><div class=\"wpb_column vc_column_container vc_col-sm-12\"><div class=\"vc_column-inner\"><div class=\"wpb_wrapper\"><div class=\"logistix-single-heading clearfix text-center style-2\" style=\"\">\r\n\t\t<h2 class=\"heading\" style=\"margin-bottom: 0;font-size:50px;font-family:Open Sans;\"><span class=\"text\">Project management<\/span><span class=\"line\"><\/span><\/h2>\r\n\t<\/div>\r\n\t<div class=\"logistix-spacer clearfix\" data-desktop=\"40\" data-mobi=\"20\" data-smobi=\"20\"><\/div>\n\t<div class=\"wpb_text_column wpb_content_element\" >\n\t\t<div class=\"wpb_wrapper\">\n\t\t\t<p><strong>Project management, also called Project Management, is all activities aimed at organizing the smooth running of a project and achieving the objectives on time according to the objectives set while respecting the various constraints (costs, deadlines and solutions) that are related to it. <\/strong><\/p>\n<p><strong>It involves different stages:\u00a0<\/strong><\/p>\n\n\t\t<\/div>\n\t<\/div>\n\r\n\t<div class=\"logistix-spacer clearfix\" data-desktop=\"40\" data-mobi=\"20\" data-smobi=\"20\"><\/div><\/div><\/div><\/div><\/div><\/div><\/section><\/div><div class=\"vc-custom-col-spacing clearfix vc-col-spacing-30\"><section class=\"wpb_row vc_row-fluid row-content-position-Default\"><div class=\"logistix-container\"><div class=\"row-inner clearfix\"><div class=\"wpb_column vc_column_container vc_col-sm-6\"><div class=\"vc_column-inner\"><div class=\"wpb_wrapper\">\n\t<div class=\"wpb_text_column wpb_content_element\" >\n\t\t<div class=\"wpb_wrapper\">\n\t\t\t<ul>\n<li>Analyse of needs ;<\/li>\n<li>Selection of necessary tools and actors<\/li>\n<li>Planning the different stages<\/li>\n<li>Monitoring and coordination of the resources implemented<\/li>\n<li>Achievement of the different phases of recipes (unit tests, user systems, etc.)<\/li>\n<li>Validation and production of the project<\/li>\n<\/ul>\n\n\t\t<\/div>\n\t<\/div>\n\r\n\t<div class=\"logistix-spacer clearfix\" data-desktop=\"80\" data-mobi=\"30\" data-smobi=\"30\"><\/div><\/div><\/div><\/div><div class=\"wpb_column vc_column_container vc_col-sm-6\"><div class=\"vc_column-inner\"><div class=\"wpb_wrapper\">\n\t<div  class=\"wpb_single_image wpb_content_element vc_align_center\">\n\t\t\n\t\t<figure class=\"wpb_wrapper vc_figure\">\n\t\t\t<div class=\"vc_single_image-wrapper   vc_box_border_grey\"><img loading=\"lazy\" decoding=\"async\" width=\"300\" height=\"212\" src=\"https:\/\/www.klocel.com\/wp-content\/uploads\/2024\/01\/Gestion-de-projet-300x212.webp\" class=\"vc_single_image-img attachment-medium\" alt=\"La gestion de projet est un des services propos\u00e9s par Klocel\" title=\"Gestion-de-projet\" srcset=\"https:\/\/www.klocel.com\/wp-content\/uploads\/2024\/01\/Gestion-de-projet-300x212.webp 300w, https:\/\/www.klocel.com\/wp-content\/uploads\/2024\/01\/Gestion-de-projet-1024x724.webp 1024w, https:\/\/www.klocel.com\/wp-content\/uploads\/2024\/01\/Gestion-de-projet-768x543.webp 768w, https:\/\/www.klocel.com\/wp-content\/uploads\/2024\/01\/Gestion-de-projet-1536x1086.webp 1536w, https:\/\/www.klocel.com\/wp-content\/uploads\/2024\/01\/Gestion-de-projet-18x12.webp 18w, https:\/\/www.klocel.com\/wp-content\/uploads\/2024\/01\/Gestion-de-projet-870x615.webp 870w, https:\/\/www.klocel.com\/wp-content\/uploads\/2024\/01\/Gestion-de-projet-600x424.webp 600w, https:\/\/www.klocel.com\/wp-content\/uploads\/2024\/01\/Gestion-de-projet-480x339.webp 480w, https:\/\/www.klocel.com\/wp-content\/uploads\/2024\/01\/Gestion-de-projet.webp 2000w\" sizes=\"auto, (max-width: 300px) 100vw, 300px\" \/><\/div>\n\t\t<\/figure>\n\t<\/div>\n<\/div><\/div><\/div><\/div><\/div><\/section><\/div><div class=\"vc-custom-col-spacing clearfix vc-col-spacing-30\"><section class=\"wpb_row vc_row-fluid vc_custom_1706195429329 vc_row-has-fill row-content-position-Default\"><div class=\"logistix-container\"><div class=\"row-inner clearfix\"><div class=\"wpb_column vc_column_container vc_col-sm-12\"><div class=\"vc_column-inner\"><div class=\"wpb_wrapper\">\r\n\t<div class=\"logistix-spacer clearfix\" data-desktop=\"40\" data-mobi=\"20\" data-smobi=\"20\"><\/div>\n\t<div class=\"wpb_text_column wpb_content_element\" >\n\t\t<div class=\"wpb_wrapper\">\n\t\t\t<p><span style=\"color: #ffffff;\"><strong>Our team is present at all stages of your project. Our goal is to support you in order to understand your needs and meet them.\u00a0<\/strong><\/span><\/p>\n<p>&nbsp;<\/p>\n<p><span style=\"color: #ffffff;\"><strong>Here is an example of what can be done:\u00a0<\/strong><\/span><\/p>\n\n\t\t<\/div>\n\t<\/div>\n\r\n\t<div class=\"logistix-spacer clearfix\" data-desktop=\"40\" data-mobi=\"20\" data-smobi=\"20\"><\/div>\n\t<div  class=\"wpb_single_image wpb_content_element vc_align_center\">\n\t\t\n\t\t<figure class=\"wpb_wrapper vc_figure\">\n\t\t\t<div class=\"vc_single_image-wrapper   vc_box_border_grey\"><img loading=\"lazy\" decoding=\"async\" width=\"1024\" height=\"724\" src=\"https:\/\/www.klocel.com\/wp-content\/uploads\/2024\/01\/Gestion-de-projet-_1_-1024x724.webp\" class=\"vc_single_image-img attachment-large\" alt=\"Sch\u00e9ma de l&#039;organisation de la gestion de projet par Klocel\" title=\"Sch\u00e9ma Gestion de projet\" srcset=\"https:\/\/www.klocel.com\/wp-content\/uploads\/2024\/01\/Gestion-de-projet-_1_-1024x724.webp 1024w, https:\/\/www.klocel.com\/wp-content\/uploads\/2024\/01\/Gestion-de-projet-_1_-300x212.webp 300w, https:\/\/www.klocel.com\/wp-content\/uploads\/2024\/01\/Gestion-de-projet-_1_-768x543.webp 768w, https:\/\/www.klocel.com\/wp-content\/uploads\/2024\/01\/Gestion-de-projet-_1_-1536x1086.webp 1536w, https:\/\/www.klocel.com\/wp-content\/uploads\/2024\/01\/Gestion-de-projet-_1_-18x12.webp 18w, https:\/\/www.klocel.com\/wp-content\/uploads\/2024\/01\/Gestion-de-projet-_1_-870x615.webp 870w, https:\/\/www.klocel.com\/wp-content\/uploads\/2024\/01\/Gestion-de-projet-_1_-600x424.webp 600w, https:\/\/www.klocel.com\/wp-content\/uploads\/2024\/01\/Gestion-de-projet-_1_-480x339.webp 480w, https:\/\/www.klocel.com\/wp-content\/uploads\/2024\/01\/Gestion-de-projet-_1_.webp 2000w\" sizes=\"auto, (max-width: 1024px) 100vw, 1024px\" \/><\/div>\n\t\t<\/figure>\n\t<\/div>\n<\/div><\/div><\/div><\/div><\/div><\/section><\/div><div class=\"vc-custom-col-spacing clearfix vc-col-spacing-30\"><section class=\"wpb_row vc_row-fluid row-content-position-Default\"><div class=\"logistix-container\"><div class=\"row-inner clearfix\"><div class=\"wpb_column vc_column_container vc_col-sm-12\"><div class=\"vc_column-inner\"><div class=\"wpb_wrapper\">\r\n\t<div class=\"logistix-spacer clearfix\" data-desktop=\"40\" data-mobi=\"20\" data-smobi=\"20\"><\/div>\n\t<div class=\"wpb_text_column wpb_content_element\" >\n\t\t<div class=\"wpb_wrapper\">\n\t\t\t<p style=\"text-align: center;\"><strong>To find out more about this service, <a href=\"https:\/\/www.klocel.com\/en\/home-page\/contact\/\">contact us<\/a>.<\/strong><\/p>\n\n\t\t<\/div>\n\t<\/div>\n\r\n\t<div class=\"logistix-spacer clearfix\" data-desktop=\"40\" data-mobi=\"20\" data-smobi=\"20\"><\/div><div class=\"vc_btn3-container vc_btn3-center\" ><a style=\"background-color:#f9c834; color:#0a0a0a;\" class=\"vc_general vc_btn3 vc_btn3-size-lg vc_btn3-shape-square vc_btn3-style-custom\" href=\"https:\/\/www.klocel.com\/en\/home-page\/contact\/\" title=\"\" target=\"_blank\">Contact Us<\/a><\/div><\/div><\/div><\/div><\/div><\/div><\/section><\/div>","protected":false},"excerpt":{"rendered":"Gestion de projet La gestion de projet appel\u00e9e \u00e9galement Management de projet est l'ensemble des activit\u00e9s visant \u00e0 organiser le bon d\u00e9roulement d'un projet et \u00e0 atteindre les objectifs en temps et en heure selon les objectifs fix\u00e9s tout en respectant les diff\u00e9rentes contraintes (co\u00fbts, d\u00e9lais et solutions) qui&hellip;","protected":false},"author":1,"featured_media":0,"parent":0,"menu_order":0,"comment_status":"closed","ping_status":"closed","template":"","meta":{"om_disable_all_campaigns":false,"_monsterinsights_skip_tracking":false,"_monsterinsights_sitenote_active":false,"_monsterinsights_sitenote_note":"","_monsterinsights_sitenote_category":0,"footnotes":""},"class_list":["post-7135","page","type-page","status-publish","hentry"],"yoast_head":"<!-- This site is optimized with the Yoast SEO plugin v25.9 - https:\/\/yoast.com\/wordpress\/plugins\/seo\/ -->\n<title>Gestion de projet - KLOCEL - Les Experts de la Logistique de A \u00e0 Z<\/title>\n<meta name=\"description\" content=\"Notre \u00e9quipe est pr\u00e9sente \u00e0 tous les stades de la r\u00e9alisation de votre projet. Notre but ? Vous accompagner au mieux dans votre d\u00e9marche.\" \/>\n<meta name=\"robots\" content=\"index, follow, max-snippet:-1, max-image-preview:large, max-video-preview:-1\" \/>\n<link rel=\"canonical\" href=\"https:\/\/13.39.176.64\/gestion-de-projet\/\" \/>\n<meta property=\"og:locale\" content=\"en_US\" \/>\n<meta property=\"og:type\" content=\"article\" \/>\n<meta property=\"og:title\" content=\"Gestion de projet - KLOCEL - Les Experts de la Logistique de A \u00e0 Z\" \/>\n<meta property=\"og:description\" content=\"Notre \u00e9quipe est pr\u00e9sente \u00e0 tous les stades de la r\u00e9alisation de votre projet. Notre but ? Vous accompagner au mieux dans votre d\u00e9marche.\" \/>\n<meta property=\"og:url\" content=\"https:\/\/13.39.176.64\/gestion-de-projet\/\" \/>\n<meta property=\"og:site_name\" content=\"KLOCEL - Les Experts de la Logistique de A \u00e0 Z\" \/>\n<meta property=\"article:modified_time\" content=\"2024-02-01T09:40:25+00:00\" \/>\n<meta name=\"twitter:card\" content=\"summary_large_image\" \/>\n<meta name=\"twitter:label1\" content=\"Est. reading time\" \/>\n\t<meta name=\"twitter:data1\" content=\"1 minute\" \/>\n<script type=\"application\/ld+json\" class=\"yoast-schema-graph\">{\"@context\":\"https:\/\/schema.org\",\"@graph\":[{\"@type\":\"WebPage\",\"@id\":\"https:\/\/13.39.176.64\/gestion-de-projet\/\",\"url\":\"https:\/\/13.39.176.64\/gestion-de-projet\/\",\"name\":\"Gestion de projet - KLOCEL - Les Experts de la Logistique de A \u00e0 Z\",\"isPartOf\":{\"@id\":\"https:\/\/www.klocel.com\/#website\"},\"datePublished\":\"2024-01-25T15:30:47+00:00\",\"dateModified\":\"2024-02-01T09:40:25+00:00\",\"description\":\"Notre \u00e9quipe est pr\u00e9sente \u00e0 tous les stades de la r\u00e9alisation de votre projet. Notre but ? Vous accompagner au mieux dans votre d\u00e9marche.\",\"breadcrumb\":{\"@id\":\"https:\/\/13.39.176.64\/gestion-de-projet\/#breadcrumb\"},\"inLanguage\":\"en-US\",\"potentialAction\":[{\"@type\":\"ReadAction\",\"target\":[\"https:\/\/13.39.176.64\/gestion-de-projet\/\"]}]},{\"@type\":\"BreadcrumbList\",\"@id\":\"https:\/\/13.39.176.64\/gestion-de-projet\/#breadcrumb\",\"itemListElement\":[{\"@type\":\"ListItem\",\"position\":1,\"name\":\"Accueil\",\"item\":\"https:\/\/www.klocel.com\/\"},{\"@type\":\"ListItem\",\"position\":2,\"name\":\"Gestion de projet\"}]},{\"@type\":\"WebSite\",\"@id\":\"https:\/\/www.klocel.com\/#website\",\"url\":\"https:\/\/www.klocel.com\/\",\"name\":\"KLOCEL - Les Experts de la Logistique de A \u00e0 Z\",\"description\":\"\",\"potentialAction\":[{\"@type\":\"SearchAction\",\"target\":{\"@type\":\"EntryPoint\",\"urlTemplate\":\"https:\/\/www.klocel.com\/?s={search_term_string}\"},\"query-input\":{\"@type\":\"PropertyValueSpecification\",\"valueRequired\":true,\"valueName\":\"search_term_string\"}}],\"inLanguage\":\"en-US\"}]}<\/script>\n<!-- \/ Yoast SEO plugin. -->","yoast_head_json":{"title":"Gestion de projet - KLOCEL - Les Experts de la Logistique de A \u00e0 Z","description":"Notre \u00e9quipe est pr\u00e9sente \u00e0 tous les stades de la r\u00e9alisation de votre projet. Notre but ? Vous accompagner au mieux dans votre d\u00e9marche.","robots":{"index":"index","follow":"follow","max-snippet":"max-snippet:-1","max-image-preview":"max-image-preview:large","max-video-preview":"max-video-preview:-1"},"canonical":"https:\/\/13.39.176.64\/gestion-de-projet\/","og_locale":"en_US","og_type":"article","og_title":"Gestion de projet - KLOCEL - Les Experts de la Logistique de A \u00e0 Z","og_description":"Notre \u00e9quipe est pr\u00e9sente \u00e0 tous les stades de la r\u00e9alisation de votre projet. Notre but ? Vous accompagner au mieux dans votre d\u00e9marche.","og_url":"https:\/\/13.39.176.64\/gestion-de-projet\/","og_site_name":"KLOCEL - Les Experts de la Logistique de A \u00e0 Z","article_modified_time":"2024-02-01T09:40:25+00:00","twitter_card":"summary_large_image","twitter_misc":{"Est. reading time":"1 minute"},"schema":{"@context":"https:\/\/schema.org","@graph":[{"@type":"WebPage","@id":"https:\/\/13.39.176.64\/gestion-de-projet\/","url":"https:\/\/13.39.176.64\/gestion-de-projet\/","name":"Gestion de projet - KLOCEL - Les Experts de la Logistique de A \u00e0 Z","isPartOf":{"@id":"https:\/\/www.klocel.com\/#website"},"datePublished":"2024-01-25T15:30:47+00:00","dateModified":"2024-02-01T09:40:25+00:00","description":"Notre \u00e9quipe est pr\u00e9sente \u00e0 tous les stades de la r\u00e9alisation de votre projet. Notre but ? Vous accompagner au mieux dans votre d\u00e9marche.","breadcrumb":{"@id":"https:\/\/13.39.176.64\/gestion-de-projet\/#breadcrumb"},"inLanguage":"en-US","potentialAction":[{"@type":"ReadAction","target":["https:\/\/13.39.176.64\/gestion-de-projet\/"]}]},{"@type":"BreadcrumbList","@id":"https:\/\/13.39.176.64\/gestion-de-projet\/#breadcrumb","itemListElement":[{"@type":"ListItem","position":1,"name":"Accueil","item":"https:\/\/www.klocel.com\/"},{"@type":"ListItem","position":2,"name":"Gestion de projet"}]},{"@type":"WebSite","@id":"https:\/\/www.klocel.com\/#website","url":"https:\/\/www.klocel.com\/","name":"KLOCEL - Les Experts de la Logistique de A \u00e0 Z","description":"","potentialAction":[{"@type":"SearchAction","target":{"@type":"EntryPoint","urlTemplate":"https:\/\/www.klocel.com\/?s={search_term_string}"},"query-input":{"@type":"PropertyValueSpecification","valueRequired":true,"valueName":"search_term_string"}}],"inLanguage":"en-US"}]}},"_links":{"self":[{"href":"https:\/\/www.klocel.com\/en\/wp-json\/wp\/v2\/pages\/7135","targetHints":{"allow":["GET"]}}],"collection":[{"href":"https:\/\/www.klocel.com\/en\/wp-json\/wp\/v2\/pages"}],"about":[{"href":"https:\/\/www.klocel.com\/en\/wp-json\/wp\/v2\/types\/page"}],"author":[{"embeddable":true,"href":"https:\/\/www.klocel.com\/en\/wp-json\/wp\/v2\/users\/1"}],"replies":[{"embeddable":true,"href":"https:\/\/www.klocel.com\/en\/wp-json\/wp\/v2\/comments?post=7135"}],"version-history":[{"count":18,"href":"https:\/\/www.klocel.com\/en\/wp-json\/wp\/v2\/pages\/7135\/revisions"}],"predecessor-version":[{"id":7156,"href":"https:\/\/www.klocel.com\/en\/wp-json\/wp\/v2\/pages\/7135\/revisions\/7156"}],"wp:attachment":[{"href":"https:\/\/www.klocel.com\/en\/wp-json\/wp\/v2\/media?parent=7135"}],"curies":[{"name":"wp","href":"https:\/\/api.w.org\/{rel}","templated":true}]}}