{"id":7175,"date":"2024-01-26T14:58:44","date_gmt":"2024-01-26T13:58:44","guid":{"rendered":"https:\/\/www.klocel.com\/?page_id=7175"},"modified":"2024-02-01T10:41:46","modified_gmt":"2024-02-01T09:41:46","slug":"redaction-de-cahiers-des-charges","status":"publish","type":"page","link":"https:\/\/www.klocel.com\/en\/redaction-de-cahiers-des-charges\/","title":{"rendered":"Drafting of the specifications"},"content":{"rendered":"<div class=\"vc-custom-col-spacing clearfix vc-col-spacing-30\"><section class=\"wpb_row vc_row-fluid row-content-position-Default\"><div class=\"logistix-container\"><div class=\"row-inner clearfix\"><div class=\"wpb_column vc_column_container vc_col-sm-12\"><div class=\"vc_column-inner\"><div class=\"wpb_wrapper\"><div class=\"logistix-single-heading clearfix text-center style-2\" style=\"\">\r\n\t\t<h2 class=\"heading\" style=\"margin-bottom: 0;font-size:50px;font-family:Open Sans;\"><span class=\"text\">Drafting of the specifications<\/span><span class=\"line\"><\/span><\/h2>\r\n\t<\/div>\r\n\t<div class=\"logistix-spacer clearfix\" data-desktop=\"40\" data-mobi=\"20\" data-smobi=\"20\"><\/div>\n\t<div class=\"wpb_text_column wpb_content_element\" >\n\t\t<div class=\"wpb_wrapper\">\n\t\t\t<p><strong>The drafting of specifications (CDC) is a contractual document to be respected during a project. It is used to define the purpose of a project, the stages for its realization and the elements necessary to complete it successfully.\u00a0<\/strong><\/p>\n\n\t\t<\/div>\n\t<\/div>\n<\/div><\/div><\/div><\/div><\/div><\/section><\/div><div class=\"vc-custom-col-spacing clearfix vc-col-spacing-30\"><section class=\"wpb_row vc_row-fluid row-content-position-Default\"><div class=\"logistix-container\"><div class=\"row-inner clearfix\"><div class=\"wpb_column vc_column_container vc_col-sm-6\"><div class=\"vc_column-inner\"><div class=\"wpb_wrapper\">\r\n\t<div class=\"logistix-spacer clearfix\" data-desktop=\"40\" data-mobi=\"20\" data-smobi=\"20\"><\/div>\n\t<div class=\"wpb_text_column wpb_content_element\" >\n\t\t<div class=\"wpb_wrapper\">\n\t\t\t<p><strong>The specifications are produced in close collaboration with the people affected by the project. The more discussions there are on the subject, the more concise the specifications will be and will correctly guide implementation.\u00a0<\/strong><\/p>\n<p><strong>Because every detail counts, we do everything we can to establish the most precise and complete specifications for you.\u00a0<\/strong><\/p>\n\n\t\t<\/div>\n\t<\/div>\n\r\n\t<div class=\"logistix-spacer clearfix\" data-desktop=\"40\" data-mobi=\"20\" data-smobi=\"20\"><\/div><\/div><\/div><\/div><div class=\"wpb_column vc_column_container vc_col-sm-6\"><div class=\"vc_column-inner\"><div class=\"wpb_wrapper\">\n\t<div  class=\"wpb_single_image wpb_content_element vc_align_left\">\n\t\t\n\t\t<figure class=\"wpb_wrapper vc_figure\">\n\t\t\t<div class=\"vc_single_image-wrapper   vc_box_border_grey\"><img loading=\"lazy\" decoding=\"async\" width=\"300\" height=\"212\" src=\"https:\/\/www.klocel.com\/wp-content\/uploads\/2024\/01\/Copie-de-Gestion-de-projet-_2_-300x212.webp\" class=\"vc_single_image-img attachment-medium\" alt=\"Klocel s&#039;occupe de la r\u00e9daction de vos cahiers des charges pour les projets de votre entrep\u00f4t\" title=\"R\u00e9daction de cahier des charges par Klocel\" srcset=\"https:\/\/www.klocel.com\/wp-content\/uploads\/2024\/01\/Copie-de-Gestion-de-projet-_2_-300x212.webp 300w, https:\/\/www.klocel.com\/wp-content\/uploads\/2024\/01\/Copie-de-Gestion-de-projet-_2_-1024x724.webp 1024w, https:\/\/www.klocel.com\/wp-content\/uploads\/2024\/01\/Copie-de-Gestion-de-projet-_2_-768x543.webp 768w, https:\/\/www.klocel.com\/wp-content\/uploads\/2024\/01\/Copie-de-Gestion-de-projet-_2_-1536x1086.webp 1536w, https:\/\/www.klocel.com\/wp-content\/uploads\/2024\/01\/Copie-de-Gestion-de-projet-_2_-18x12.webp 18w, https:\/\/www.klocel.com\/wp-content\/uploads\/2024\/01\/Copie-de-Gestion-de-projet-_2_-870x615.webp 870w, https:\/\/www.klocel.com\/wp-content\/uploads\/2024\/01\/Copie-de-Gestion-de-projet-_2_-600x424.webp 600w, https:\/\/www.klocel.com\/wp-content\/uploads\/2024\/01\/Copie-de-Gestion-de-projet-_2_-480x339.webp 480w, https:\/\/www.klocel.com\/wp-content\/uploads\/2024\/01\/Copie-de-Gestion-de-projet-_2_.webp 2000w\" sizes=\"auto, (max-width: 300px) 100vw, 300px\" \/><\/div>\n\t\t<\/figure>\n\t<\/div>\n\r\n\t<div class=\"logistix-spacer clearfix\" data-desktop=\"40\" data-mobi=\"20\" data-smobi=\"20\"><\/div><\/div><\/div><\/div><\/div><\/div><\/section><\/div><div class=\"vc-custom-col-spacing clearfix vc-col-spacing-30\"><section class=\"wpb_row vc_row-fluid vc_custom_1706267295402 vc_row-has-fill row-content-position-Default\"><div class=\"logistix-container\"><div class=\"row-inner clearfix\"><div class=\"wpb_column vc_column_container vc_col-sm-12\"><div class=\"vc_column-inner\"><div class=\"wpb_wrapper\">\r\n\t<div class=\"logistix-spacer clearfix\" data-desktop=\"40\" data-mobi=\"20\" data-smobi=\"20\"><\/div><div class=\"logistix-headings clearfix text-center\" data-font=\"40\" style=\"\"><h2 class=\"heading clearfix style-1\" style=\"color:#f9c834;font-family:Open Sans;font-size:40px;\">\r\n\t\t<span style=\"\">The different phases of writing specifications<\/span>\r\n\t<\/h2><\/div>\r\n\t<div class=\"logistix-spacer clearfix\" data-desktop=\"40\" data-mobi=\"20\" data-smobi=\"20\"><\/div>\n\t<div  class=\"wpb_single_image wpb_content_element vc_align_center\">\n\t\t\n\t\t<figure class=\"wpb_wrapper vc_figure\">\n\t\t\t<div class=\"vc_single_image-wrapper   vc_box_border_grey\"><img loading=\"lazy\" decoding=\"async\" width=\"1024\" height=\"261\" src=\"https:\/\/www.klocel.com\/wp-content\/uploads\/2024\/01\/Design-sans-titre-1-1024x261.webp\" class=\"vc_single_image-img attachment-large\" alt=\"Les diff\u00e9rentes \u00e9tapes de la r\u00e9daction d&#039;un cahier des charges\" title=\"R\u00e9daction de cahiers des charges par Klocel\" srcset=\"https:\/\/www.klocel.com\/wp-content\/uploads\/2024\/01\/Design-sans-titre-1-1024x261.webp 1024w, https:\/\/www.klocel.com\/wp-content\/uploads\/2024\/01\/Design-sans-titre-1-300x76.webp 300w, https:\/\/www.klocel.com\/wp-content\/uploads\/2024\/01\/Design-sans-titre-1-768x196.webp 768w, https:\/\/www.klocel.com\/wp-content\/uploads\/2024\/01\/Design-sans-titre-1-18x5.webp 18w, https:\/\/www.klocel.com\/wp-content\/uploads\/2024\/01\/Design-sans-titre-1-870x222.webp 870w, https:\/\/www.klocel.com\/wp-content\/uploads\/2024\/01\/Design-sans-titre-1-600x153.webp 600w, https:\/\/www.klocel.com\/wp-content\/uploads\/2024\/01\/Design-sans-titre-1-480x122.webp 480w, https:\/\/www.klocel.com\/wp-content\/uploads\/2024\/01\/Design-sans-titre-1.webp 1366w\" sizes=\"auto, (max-width: 1024px) 100vw, 1024px\" \/><\/div>\n\t\t<\/figure>\n\t<\/div>\n\r\n\t<div class=\"logistix-spacer clearfix\" data-desktop=\"40\" data-mobi=\"20\" data-smobi=\"20\"><\/div><\/div><\/div><\/div><\/div><\/div><\/section><\/div><div class=\"vc-custom-col-spacing clearfix vc-col-spacing-30\"><section class=\"wpb_row vc_row-fluid row-content-position-Default\"><div class=\"logistix-container\"><div class=\"row-inner clearfix\"><div class=\"wpb_column vc_column_container vc_col-sm-12\"><div class=\"vc_column-inner\"><div class=\"wpb_wrapper\">\r\n\t<div class=\"logistix-spacer clearfix\" data-desktop=\"40\" data-mobi=\"20\" data-smobi=\"20\"><\/div>\n\t<div class=\"wpb_text_column wpb_content_element\" >\n\t\t<div class=\"wpb_wrapper\">\n\t\t\t<p style=\"text-align: center;\"><strong>To find out more, do not hesitate to <a href=\"https:\/\/www.klocel.com\/en\/home-page\/contact\/\">contact us<\/a>.<\/strong><\/p>\n\n\t\t<\/div>\n\t<\/div>\n\r\n\t<div class=\"logistix-spacer clearfix\" data-desktop=\"40\" data-mobi=\"20\" data-smobi=\"20\"><\/div><div class=\"vc_btn3-container vc_btn3-center\" ><a style=\"background-color:#f9c834; color:#0a0a0a;\" class=\"vc_general vc_btn3 vc_btn3-size-lg vc_btn3-shape-square vc_btn3-style-custom\" href=\"https:\/\/www.klocel.com\/en\/home-page\/contact\/\" title=\"\" target=\"_blank\">Contact Us<\/a><\/div><\/div><\/div><\/div><\/div><\/div><\/section><\/div>","protected":false},"excerpt":{"rendered":"R\u00e9daction de cahiers des charges La r\u00e9daction d'un cahier des charges (CDC) est un document contractuel \u00e0 respecter lors d'un projet. Il sert \u00e0 d\u00e9finir la finalit\u00e9 d'un projet, les \u00e9tapes pour sa r\u00e9alisation et les \u00e9l\u00e9ments n\u00e9cessaires pour le mener \u00e0 bien.\u00a0 Le cahier des charges est r\u00e9alis\u00e9&hellip;","protected":false},"author":1,"featured_media":0,"parent":0,"menu_order":0,"comment_status":"closed","ping_status":"closed","template":"","meta":{"om_disable_all_campaigns":false,"_monsterinsights_skip_tracking":false,"_monsterinsights_sitenote_active":false,"_monsterinsights_sitenote_note":"","_monsterinsights_sitenote_category":0,"footnotes":""},"class_list":["post-7175","page","type-page","status-publish","hentry"],"yoast_head":"<!-- This site is optimized with the Yoast SEO plugin v25.9 - https:\/\/yoast.com\/wordpress\/plugins\/seo\/ -->\n<title>R\u00e9daction de cahiers des charges - KLOCEL - Les Experts de la Logistique de A \u00e0 Z<\/title>\n<meta name=\"description\" content=\"Obtenez un cahier des charges pr\u00e9cis et complet r\u00e9pondant \u00e0 vos besoins et attentes gr\u00e2ce \u00e0 notre \u00e9quipe d&#039;experts en logistique.\" \/>\n<meta name=\"robots\" content=\"index, follow, max-snippet:-1, max-image-preview:large, max-video-preview:-1\" \/>\n<link rel=\"canonical\" href=\"https:\/\/13.39.176.64\/redaction-de-cahiers-des-charges\/\" \/>\n<meta property=\"og:locale\" content=\"en_US\" \/>\n<meta property=\"og:type\" content=\"article\" \/>\n<meta property=\"og:title\" content=\"R\u00e9daction de cahiers des charges - KLOCEL - Les Experts de la Logistique de A \u00e0 Z\" \/>\n<meta property=\"og:description\" content=\"Obtenez un cahier des charges pr\u00e9cis et complet r\u00e9pondant \u00e0 vos besoins et attentes gr\u00e2ce \u00e0 notre \u00e9quipe d&#039;experts en logistique.\" \/>\n<meta property=\"og:url\" content=\"https:\/\/13.39.176.64\/redaction-de-cahiers-des-charges\/\" \/>\n<meta property=\"og:site_name\" content=\"KLOCEL - Les Experts de la Logistique de A \u00e0 Z\" \/>\n<meta property=\"article:modified_time\" content=\"2024-02-01T09:41:46+00:00\" \/>\n<meta name=\"twitter:card\" content=\"summary_large_image\" \/>\n<meta name=\"twitter:label1\" content=\"Est. reading time\" \/>\n\t<meta name=\"twitter:data1\" content=\"1 minute\" \/>\n<script type=\"application\/ld+json\" class=\"yoast-schema-graph\">{\"@context\":\"https:\/\/schema.org\",\"@graph\":[{\"@type\":\"WebPage\",\"@id\":\"https:\/\/13.39.176.64\/redaction-de-cahiers-des-charges\/\",\"url\":\"https:\/\/13.39.176.64\/redaction-de-cahiers-des-charges\/\",\"name\":\"R\u00e9daction de cahiers des charges - KLOCEL - Les Experts de la Logistique de A \u00e0 Z\",\"isPartOf\":{\"@id\":\"https:\/\/www.klocel.com\/#website\"},\"datePublished\":\"2024-01-26T13:58:44+00:00\",\"dateModified\":\"2024-02-01T09:41:46+00:00\",\"description\":\"Obtenez un cahier des charges pr\u00e9cis et complet r\u00e9pondant \u00e0 vos besoins et attentes gr\u00e2ce \u00e0 notre \u00e9quipe d'experts en logistique.\",\"breadcrumb\":{\"@id\":\"https:\/\/13.39.176.64\/redaction-de-cahiers-des-charges\/#breadcrumb\"},\"inLanguage\":\"en-US\",\"potentialAction\":[{\"@type\":\"ReadAction\",\"target\":[\"https:\/\/13.39.176.64\/redaction-de-cahiers-des-charges\/\"]}]},{\"@type\":\"BreadcrumbList\",\"@id\":\"https:\/\/13.39.176.64\/redaction-de-cahiers-des-charges\/#breadcrumb\",\"itemListElement\":[{\"@type\":\"ListItem\",\"position\":1,\"name\":\"Accueil\",\"item\":\"https:\/\/www.klocel.com\/\"},{\"@type\":\"ListItem\",\"position\":2,\"name\":\"R\u00e9daction de cahiers des charges\"}]},{\"@type\":\"WebSite\",\"@id\":\"https:\/\/www.klocel.com\/#website\",\"url\":\"https:\/\/www.klocel.com\/\",\"name\":\"KLOCEL - Les Experts de la Logistique de A \u00e0 Z\",\"description\":\"\",\"potentialAction\":[{\"@type\":\"SearchAction\",\"target\":{\"@type\":\"EntryPoint\",\"urlTemplate\":\"https:\/\/www.klocel.com\/?s={search_term_string}\"},\"query-input\":{\"@type\":\"PropertyValueSpecification\",\"valueRequired\":true,\"valueName\":\"search_term_string\"}}],\"inLanguage\":\"en-US\"}]}<\/script>\n<!-- \/ Yoast SEO plugin. -->","yoast_head_json":{"title":"R\u00e9daction de cahiers des charges - KLOCEL - Les Experts de la Logistique de A \u00e0 Z","description":"Obtenez un cahier des charges pr\u00e9cis et complet r\u00e9pondant \u00e0 vos besoins et attentes gr\u00e2ce \u00e0 notre \u00e9quipe d'experts en logistique.","robots":{"index":"index","follow":"follow","max-snippet":"max-snippet:-1","max-image-preview":"max-image-preview:large","max-video-preview":"max-video-preview:-1"},"canonical":"https:\/\/13.39.176.64\/redaction-de-cahiers-des-charges\/","og_locale":"en_US","og_type":"article","og_title":"R\u00e9daction de cahiers des charges - KLOCEL - Les Experts de la Logistique de A \u00e0 Z","og_description":"Obtenez un cahier des charges pr\u00e9cis et complet r\u00e9pondant \u00e0 vos besoins et attentes gr\u00e2ce \u00e0 notre \u00e9quipe d'experts en logistique.","og_url":"https:\/\/13.39.176.64\/redaction-de-cahiers-des-charges\/","og_site_name":"KLOCEL - Les Experts de la Logistique de A \u00e0 Z","article_modified_time":"2024-02-01T09:41:46+00:00","twitter_card":"summary_large_image","twitter_misc":{"Est. reading time":"1 minute"},"schema":{"@context":"https:\/\/schema.org","@graph":[{"@type":"WebPage","@id":"https:\/\/13.39.176.64\/redaction-de-cahiers-des-charges\/","url":"https:\/\/13.39.176.64\/redaction-de-cahiers-des-charges\/","name":"R\u00e9daction de cahiers des charges - KLOCEL - Les Experts de la Logistique de A \u00e0 Z","isPartOf":{"@id":"https:\/\/www.klocel.com\/#website"},"datePublished":"2024-01-26T13:58:44+00:00","dateModified":"2024-02-01T09:41:46+00:00","description":"Obtenez un cahier des charges pr\u00e9cis et complet r\u00e9pondant \u00e0 vos besoins et attentes gr\u00e2ce \u00e0 notre \u00e9quipe d'experts en logistique.","breadcrumb":{"@id":"https:\/\/13.39.176.64\/redaction-de-cahiers-des-charges\/#breadcrumb"},"inLanguage":"en-US","potentialAction":[{"@type":"ReadAction","target":["https:\/\/13.39.176.64\/redaction-de-cahiers-des-charges\/"]}]},{"@type":"BreadcrumbList","@id":"https:\/\/13.39.176.64\/redaction-de-cahiers-des-charges\/#breadcrumb","itemListElement":[{"@type":"ListItem","position":1,"name":"Accueil","item":"https:\/\/www.klocel.com\/"},{"@type":"ListItem","position":2,"name":"R\u00e9daction de cahiers des charges"}]},{"@type":"WebSite","@id":"https:\/\/www.klocel.com\/#website","url":"https:\/\/www.klocel.com\/","name":"KLOCEL - Les Experts de la Logistique de A \u00e0 Z","description":"","potentialAction":[{"@type":"SearchAction","target":{"@type":"EntryPoint","urlTemplate":"https:\/\/www.klocel.com\/?s={search_term_string}"},"query-input":{"@type":"PropertyValueSpecification","valueRequired":true,"valueName":"search_term_string"}}],"inLanguage":"en-US"}]}},"_links":{"self":[{"href":"https:\/\/www.klocel.com\/en\/wp-json\/wp\/v2\/pages\/7175","targetHints":{"allow":["GET"]}}],"collection":[{"href":"https:\/\/www.klocel.com\/en\/wp-json\/wp\/v2\/pages"}],"about":[{"href":"https:\/\/www.klocel.com\/en\/wp-json\/wp\/v2\/types\/page"}],"author":[{"embeddable":true,"href":"https:\/\/www.klocel.com\/en\/wp-json\/wp\/v2\/users\/1"}],"replies":[{"embeddable":true,"href":"https:\/\/www.klocel.com\/en\/wp-json\/wp\/v2\/comments?post=7175"}],"version-history":[{"count":24,"href":"https:\/\/www.klocel.com\/en\/wp-json\/wp\/v2\/pages\/7175\/revisions"}],"predecessor-version":[{"id":7301,"href":"https:\/\/www.klocel.com\/en\/wp-json\/wp\/v2\/pages\/7175\/revisions\/7301"}],"wp:attachment":[{"href":"https:\/\/www.klocel.com\/en\/wp-json\/wp\/v2\/media?parent=7175"}],"curies":[{"name":"wp","href":"https:\/\/api.w.org\/{rel}","templated":true}]}}